{"id":25,"date":"2016-05-15T11:58:48","date_gmt":"2016-05-15T11:58:48","guid":{"rendered":"http:\/\/www.habitaatti.fi\/?page_id=25"},"modified":"2016-05-16T08:57:37","modified_gmt":"2016-05-16T08:57:37","slug":"tiedotustoiminta","status":"publish","type":"page","link":"https:\/\/www.habitaatti.fi\/en\/tiedotustoiminta\/","title":{"rendered":"Tiedotustoiminta"},"content":{"rendered":"<p><\/p>\n<ul>\n<li>Artikkelit (teksti + kuva)<\/li>\n<li>Sis\u00e4ll\u00f6ntuotanto (teksti+kuva+\u00e4\u00e4ni)<\/li>\n<li>Lausunnot<\/li>\n<li>Ymp\u00e4rist\u00f6viestint\u00e4<\/li>\n<li>K\u00e4\u00e4nn\u00f6spalvelut (ENG-FIN, SWE-FIN, DE-FIN)<\/li>\n<\/ul>\n<p><\/p>","protected":false},"excerpt":{"rendered":"<p>Artikkelit (teksti + kuva) Sis\u00e4ll\u00f6ntuotanto (teksti+kuva+\u00e4\u00e4ni) Lausunnot Ymp\u00e4rist\u00f6viestint\u00e4 K\u00e4\u00e4nn\u00f6spalvelut (ENG-FIN, SWE-FIN, DE-FIN)<\/p>\n","protected":false},"author":1,"featured_media":0,"parent":0,"menu_order":6,"comment_status":"closed","ping_status":"closed","template":"","meta":[],"_links":{"self":[{"href":"https:\/\/www.habitaatti.fi\/en\/wp-json\/wp\/v2\/pages\/25"}],"collection":[{"href":"https:\/\/www.habitaatti.fi\/en\/wp-json\/wp\/v2\/pages"}],"about":[{"href":"https:\/\/www.habitaatti.fi\/en\/wp-json\/wp\/v2\/types\/page"}],"author":[{"embeddable":true,"href":"https:\/\/www.habitaatti.fi\/en\/wp-json\/wp\/v2\/users\/1"}],"replies":[{"embeddable":true,"href":"https:\/\/www.habitaatti.fi\/en\/wp-json\/wp\/v2\/comments?post=25"}],"version-history":[{"count":4,"href":"https:\/\/www.habitaatti.fi\/en\/wp-json\/wp\/v2\/pages\/25\/revisions"}],"predecessor-version":[{"id":56,"href":"https:\/\/www.habitaatti.fi\/en\/wp-json\/wp\/v2\/pages\/25\/revisions\/56"}],"wp:attachment":[{"href":"https:\/\/www.habitaatti.fi\/en\/wp-json\/wp\/v2\/media?parent=25"}],"curies":[{"name":"wp","href":"https:\/\/api.w.org\/{rel}","templated":true}]}}