{"id":23,"date":"2016-05-15T11:58:31","date_gmt":"2016-05-15T11:58:31","guid":{"rendered":"http:\/\/www.habitaatti.fi\/?page_id=23"},"modified":"2016-05-15T16:19:09","modified_gmt":"2016-05-15T16:19:09","slug":"suunnittelupalvelut","status":"publish","type":"page","link":"https:\/\/www.habitaatti.fi\/en\/suunnittelupalvelut\/","title":{"rendered":"Suunnittelupalvelut"},"content":{"rendered":"<ul>\n<li>maank\u00e4yt\u00f6n muutosten ymp\u00e4rist\u00f6vaikutusten lievennysohjeistukset<\/li>\n<li>asema- ja yleiskaavoihin sek\u00e4 uusiutuvaan energiaan liittyv\u00e4t ekologiset suunnittelut<\/li>\n<li>ekologisten k\u00e4yt\u00e4vien arviointi ja ohjeistus<\/li>\n<li>estevaikutusarvioinnit<\/li>\n<li>haittael\u00e4inneuvonta<\/li>\n<li>ekologinen valaistussuunnittelu ja -ohjeistus<\/li>\n<li>valoilmastoarvioinnit, -seurannat ja -suositukset<\/li>\n<li>erityisymp\u00e4rist\u00f6jen tiedonkeruumenetelm\u00e4t<\/li>\n<li>laitesuunnittelu ja toteutus<\/li>\n<li>tutkimuskokonaisuuksien suunnittelu<\/li>\n<\/ul>\n","protected":false},"excerpt":{"rendered":"<p>maank\u00e4yt\u00f6n muutosten ymp\u00e4rist\u00f6vaikutusten lievennysohjeistukset asema- ja yleiskaavoihin sek\u00e4 uusiutuvaan energiaan liittyv\u00e4t ekologiset suunnittelut ekologisten k\u00e4yt\u00e4vien arviointi ja ohjeistus estevaikutusarvioinnit haittael\u00e4inneuvonta ekologinen valaistussuunnittelu ja -ohjeistus valoilmastoarvioinnit, -seurannat ja -suositukset erityisymp\u00e4rist\u00f6jen tiedonkeruumenetelm\u00e4t laitesuunnittelu ja toteutus tutkimuskokonaisuuksien suunnittelu<\/p>\n","protected":false},"author":1,"featured_media":0,"parent":0,"menu_order":5,"comment_status":"closed","ping_status":"closed","template":"","meta":[],"_links":{"self":[{"href":"https:\/\/www.habitaatti.fi\/en\/wp-json\/wp\/v2\/pages\/23"}],"collection":[{"href":"https:\/\/www.habitaatti.fi\/en\/wp-json\/wp\/v2\/pages"}],"about":[{"href":"https:\/\/www.habitaatti.fi\/en\/wp-json\/wp\/v2\/types\/page"}],"author":[{"embeddable":true,"href":"https:\/\/www.habitaatti.fi\/en\/wp-json\/wp\/v2\/users\/1"}],"replies":[{"embeddable":true,"href":"https:\/\/www.habitaatti.fi\/en\/wp-json\/wp\/v2\/comments?post=23"}],"version-history":[{"count":3,"href":"https:\/\/www.habitaatti.fi\/en\/wp-json\/wp\/v2\/pages\/23\/revisions"}],"predecessor-version":[{"id":48,"href":"https:\/\/www.habitaatti.fi\/en\/wp-json\/wp\/v2\/pages\/23\/revisions\/48"}],"wp:attachment":[{"href":"https:\/\/www.habitaatti.fi\/en\/wp-json\/wp\/v2\/media?parent=23"}],"curies":[{"name":"wp","href":"https:\/\/api.w.org\/{rel}","templated":true}]}}