{"id":21,"date":"2016-05-15T11:58:08","date_gmt":"2016-05-15T11:58:08","guid":{"rendered":"http:\/\/www.habitaatti.fi\/?page_id=21"},"modified":"2016-05-15T16:12:00","modified_gmt":"2016-05-15T16:12:00","slug":"aanityspalvelut","status":"publish","type":"page","link":"https:\/\/www.habitaatti.fi\/en\/aanityspalvelut\/","title":{"rendered":"\u00c4\u00e4nityspalvelut"},"content":{"rendered":"<ul>\n<li>normaalitaajuuksinen \u00e4\u00e4ni<\/li>\n<li>ultra\u00e4\u00e4ni<\/li>\n<li>vedenalais\u00e4\u00e4nitykset<\/li>\n<li>\u00e4\u00e4nimaisemat<\/li>\n<li>\u00e4\u00e4nitykset v\u00e4liaineessa<\/li>\n<li>\u00e4\u00e4nitunnistukset (biologiset \u00e4\u00e4net, ymp\u00e4rist\u00f6\u00e4\u00e4net, ihmisl\u00e4ht\u00f6iset \u00e4\u00e4net)<\/li>\n<li>akustinen todentaminen<\/li>\n<\/ul>\n","protected":false},"excerpt":{"rendered":"<p>normaalitaajuuksinen \u00e4\u00e4ni ultra\u00e4\u00e4ni vedenalais\u00e4\u00e4nitykset \u00e4\u00e4nimaisemat \u00e4\u00e4nitykset v\u00e4liaineessa \u00e4\u00e4nitunnistukset (biologiset \u00e4\u00e4net, ymp\u00e4rist\u00f6\u00e4\u00e4net, ihmisl\u00e4ht\u00f6iset \u00e4\u00e4net) akustinen todentaminen<\/p>\n","protected":false},"author":1,"featured_media":0,"parent":0,"menu_order":4,"comment_status":"closed","ping_status":"closed","template":"","meta":[],"_links":{"self":[{"href":"https:\/\/www.habitaatti.fi\/en\/wp-json\/wp\/v2\/pages\/21"}],"collection":[{"href":"https:\/\/www.habitaatti.fi\/en\/wp-json\/wp\/v2\/pages"}],"about":[{"href":"https:\/\/www.habitaatti.fi\/en\/wp-json\/wp\/v2\/types\/page"}],"author":[{"embeddable":true,"href":"https:\/\/www.habitaatti.fi\/en\/wp-json\/wp\/v2\/users\/1"}],"replies":[{"embeddable":true,"href":"https:\/\/www.habitaatti.fi\/en\/wp-json\/wp\/v2\/comments?post=21"}],"version-history":[{"count":3,"href":"https:\/\/www.habitaatti.fi\/en\/wp-json\/wp\/v2\/pages\/21\/revisions"}],"predecessor-version":[{"id":46,"href":"https:\/\/www.habitaatti.fi\/en\/wp-json\/wp\/v2\/pages\/21\/revisions\/46"}],"wp:attachment":[{"href":"https:\/\/www.habitaatti.fi\/en\/wp-json\/wp\/v2\/media?parent=21"}],"curies":[{"name":"wp","href":"https:\/\/api.w.org\/{rel}","templated":true}]}}