{"id":2,"date":"2016-05-13T15:07:13","date_gmt":"2016-05-13T15:07:13","guid":{"rendered":"http:\/\/www.habitaatti.fi\/?page_id=2"},"modified":"2016-05-23T09:29:26","modified_gmt":"2016-05-23T09:29:26","slug":"yritys","status":"publish","type":"page","link":"https:\/\/www.habitaatti.fi\/en\/yritys\/","title":{"rendered":"Yritys"},"content":{"rendered":"<p>Tutkimus- ja suunnittelutoimisto Habitaatti on vuonna 2011 perustettu yritys, joka on erikoistunut vaikeasti l\u00f6ydett\u00e4vien eli\u00f6lajien etsimiseen, tunnistamiseen ja havainnointiin akustisin ja visuaalisin menetelmin.<\/p>\n<p>Yrityksen p\u00e4\u00e4toimialoihin kuuluvat Suomen luonnonsuojelulaissa sek\u00e4 EU:n luontodirektiiviss\u00e4 mainittuihin el\u00e4inlajeihin liittyv\u00e4t selvitykset, kartoitukset, seurannat sek\u00e4 lausunnot ja suositukset. Lis\u00e4ksi yrityksen toimenkuvaan kuuluvat luonnontieteelliseen ja kulttuurialaan liittyv\u00e4t konsultoinnit, tutkimukset sek\u00e4 tuotekehitysprojektit.<\/p>\n<p>Yrityksess\u00e4 on p\u00e4\u00e4toimialojen asiantuntemusta vuodesta 2002 l\u00e4htien.<\/p>\n<p>&nbsp;<\/p>","protected":false},"excerpt":{"rendered":"<p>Tutkimus- ja suunnittelutoimisto Habitaatti on vuonna 2011 perustettu yritys, joka on erikoistunut vaikeasti l\u00f6ydett\u00e4vien eli\u00f6lajien etsimiseen, tunnistamiseen ja havainnointiin akustisin ja visuaalisin menetelmin. Yrityksen p\u00e4\u00e4toimialoihin kuuluvat Suomen luonnonsuojelulaissa sek\u00e4 EU:n luontodirektiiviss\u00e4 mainittuihin el\u00e4inlajeihin liittyv\u00e4t selvitykset, kartoitukset, seurannat sek\u00e4 lausunnot ja<a class=\"more-link\" href=\"https:\/\/www.habitaatti.fi\/en\/yritys\/\" title=\"Yritys\"><span>Read more<\/span><\/a><\/p>\n","protected":false},"author":1,"featured_media":0,"parent":0,"menu_order":9,"comment_status":"open","ping_status":"closed","template":"","meta":[],"_links":{"self":[{"href":"https:\/\/www.habitaatti.fi\/en\/wp-json\/wp\/v2\/pages\/2"}],"collection":[{"href":"https:\/\/www.habitaatti.fi\/en\/wp-json\/wp\/v2\/pages"}],"about":[{"href":"https:\/\/www.habitaatti.fi\/en\/wp-json\/wp\/v2\/types\/page"}],"author":[{"embeddable":true,"href":"https:\/\/www.habitaatti.fi\/en\/wp-json\/wp\/v2\/users\/1"}],"replies":[{"embeddable":true,"href":"https:\/\/www.habitaatti.fi\/en\/wp-json\/wp\/v2\/comments?post=2"}],"version-history":[{"count":3,"href":"https:\/\/www.habitaatti.fi\/en\/wp-json\/wp\/v2\/pages\/2\/revisions"}],"predecessor-version":[{"id":58,"href":"https:\/\/www.habitaatti.fi\/en\/wp-json\/wp\/v2\/pages\/2\/revisions\/58"}],"wp:attachment":[{"href":"https:\/\/www.habitaatti.fi\/en\/wp-json\/wp\/v2\/media?parent=2"}],"curies":[{"name":"wp","href":"https:\/\/api.w.org\/{rel}","templated":true}]}}