{"id":19,"date":"2016-05-15T11:57:47","date_gmt":"2016-05-15T11:57:47","guid":{"rendered":"http:\/\/www.habitaatti.fi\/?page_id=19"},"modified":"2016-05-15T16:08:31","modified_gmt":"2016-05-15T16:08:31","slug":"kuvauspalvelut","status":"publish","type":"page","link":"https:\/\/www.habitaatti.fi\/en\/kuvauspalvelut\/","title":{"rendered":"Kuvauspalvelut"},"content":{"rendered":"<ul>\n<li>still-kamerakuvaukset p\u00e4iv\u00e4ll\u00e4 ja y\u00f6ll\u00e4<\/li>\n<li>videokuvaukset<\/li>\n<li>digimikroskooppi<\/li>\n<li>mikroskooppi<\/li>\n<li>tarkastuskamera \/ viem\u00e4rikamera \/ endoskooppi<\/li>\n<li>riistakamerat<\/li>\n<li>kuvatoimitukset<\/li>\n<\/ul>\n","protected":false},"excerpt":{"rendered":"<p>still-kamerakuvaukset p\u00e4iv\u00e4ll\u00e4 ja y\u00f6ll\u00e4 videokuvaukset digimikroskooppi mikroskooppi tarkastuskamera \/ viem\u00e4rikamera \/ endoskooppi riistakamerat kuvatoimitukset<\/p>\n","protected":false},"author":1,"featured_media":0,"parent":0,"menu_order":3,"comment_status":"closed","ping_status":"closed","template":"","meta":[],"_links":{"self":[{"href":"https:\/\/www.habitaatti.fi\/en\/wp-json\/wp\/v2\/pages\/19"}],"collection":[{"href":"https:\/\/www.habitaatti.fi\/en\/wp-json\/wp\/v2\/pages"}],"about":[{"href":"https:\/\/www.habitaatti.fi\/en\/wp-json\/wp\/v2\/types\/page"}],"author":[{"embeddable":true,"href":"https:\/\/www.habitaatti.fi\/en\/wp-json\/wp\/v2\/users\/1"}],"replies":[{"embeddable":true,"href":"https:\/\/www.habitaatti.fi\/en\/wp-json\/wp\/v2\/comments?post=19"}],"version-history":[{"count":4,"href":"https:\/\/www.habitaatti.fi\/en\/wp-json\/wp\/v2\/pages\/19\/revisions"}],"predecessor-version":[{"id":44,"href":"https:\/\/www.habitaatti.fi\/en\/wp-json\/wp\/v2\/pages\/19\/revisions\/44"}],"wp:attachment":[{"href":"https:\/\/www.habitaatti.fi\/en\/wp-json\/wp\/v2\/media?parent=19"}],"curies":[{"name":"wp","href":"https:\/\/api.w.org\/{rel}","templated":true}]}}